{"id":1609,"date":"2024-11-03T22:36:08","date_gmt":"2024-11-03T22:36:08","guid":{"rendered":"https:\/\/nkgclinic.com\/?page_id=1609"},"modified":"2024-11-03T22:40:44","modified_gmt":"2024-11-03T22:40:44","slug":"politique-de-retour-et-de-remboursement","status":"publish","type":"page","link":"https:\/\/nkgclinic.com\/?page_id=1609","title":{"rendered":"Politique de Retour et de Remboursement"},"content":{"rendered":"\t\t<div data-elementor-type=\"wp-page\" data-elementor-id=\"1609\" class=\"elementor elementor-1609\">\n\t\t\t\t<div class=\"elementor-element elementor-element-97eccef e-flex e-con-boxed e-con e-parent\" data-id=\"97eccef\" data-element_type=\"container\" data-e-type=\"container\">\n\t\t\t\t\t<div class=\"e-con-inner\">\n\t\t\t\t<div class=\"elementor-element elementor-element-b246fa1 elementor-widget elementor-widget-text-editor\" data-id=\"b246fa1\" data-element_type=\"widget\" data-e-type=\"widget\" data-widget_type=\"text-editor.default\">\n\t\t\t\t<div class=\"elementor-widget-container\">\n\t\t\t\t\t\t\t\t\t<p>Chez NkgClinic, notre priorit\u00e9 est de vous assurer votre satisfaction pour chaque achat.<\/p><h4>Retours<\/h4><ul><li><p><strong>\u00c9ligibilit\u00e9<\/strong> : Les retours ne sont pas accept\u00e9s, sauf si votre colis est perdu ou \u00e9gar\u00e9 durant le transport.<\/p><\/li><li><p><strong>Colis Perdu ou \u00c9gar\u00e9<\/strong> : Si vous pensez que votre colis est perdu ou \u00e9gar\u00e9, veuillez nous contacter d\u00e8s que possible \u00e0 l&rsquo;adresse [<a rel=\"noopener\">support@nkgclinic.com<\/a>] pour que nous puissions examiner votre demande.<\/p><\/li><\/ul><h4>Remboursements<\/h4><ul><li><p><strong>Traitement<\/strong> : Nous ne traitons les remboursements que dans le cas o\u00f9 le colis est perdu ou \u00e9gar\u00e9. Une fois que nous aurons confirm\u00e9 cette situation, nous vous informerons par e-mail des \u00e9tapes suivantes.<\/p><\/li><li><p><strong>M\u00e9thode de Remboursement<\/strong> : Les remboursements approuv\u00e9s seront trait\u00e9s selon la m\u00e9thode de paiement originale, dans un d\u00e9lai de 7 \u00e0 10 jours ouvrables.<\/p><\/li><li><p><strong>Remboursements Partiels<\/strong> : Aucun remboursement partiel ne sera accord\u00e9 pour des articles non en \u00e9tat d\u2019origine, endommag\u00e9s ou manquants.<\/p><\/li><\/ul><h4>\u00c9changes<\/h4><ul><li><strong>Politique<\/strong> : Les \u00e9changes directs ne sont pas disponibles. Si vous souhaitez un autre produit, veuillez passer une nouvelle commande.<\/li><\/ul><h4>Contact<\/h4><p>Pour toute question ou assistance suppl\u00e9mentaire, contactez-nous \u00e0 [<a rel=\"noopener\">support@nkgclinic.com<\/a>].<\/p><p>Merci d&rsquo;avoir choisi NkgClinic !<\/p>\t\t\t\t\t\t\t\t<\/div>\n\t\t\t\t<\/div>\n\t\t\t\t\t<\/div>\n\t\t\t\t<\/div>\n\t\t\t\t<\/div>\n\t\t","protected":false},"excerpt":{"rendered":"<p>Chez NkgClinic, notre priorit\u00e9 est de vous assurer votre satisfaction pour chaque achat. Retours \u00c9ligibilit\u00e9 : Les retours ne sont pas accept\u00e9s, sauf si votre colis est perdu ou \u00e9gar\u00e9 durant le transport. Colis Perdu ou \u00c9gar\u00e9 : Si vous pensez que votre colis est perdu ou \u00e9gar\u00e9, veuillez nous contacter d\u00e8s que possible \u00e0 [&hellip;]<\/p>\n","protected":false},"author":1,"featured_media":0,"parent":0,"menu_order":0,"comment_status":"closed","ping_status":"closed","template":"","meta":{"footnotes":""},"class_list":["post-1609","page","type-page","status-publish","hentry"],"blocksy_meta":[],"jetpack_sharing_enabled":true,"_links":{"self":[{"href":"https:\/\/nkgclinic.com\/index.php?rest_route=\/wp\/v2\/pages\/1609","targetHints":{"allow":["GET"]}}],"collection":[{"href":"https:\/\/nkgclinic.com\/index.php?rest_route=\/wp\/v2\/pages"}],"about":[{"href":"https:\/\/nkgclinic.com\/index.php?rest_route=\/wp\/v2\/types\/page"}],"author":[{"embeddable":true,"href":"https:\/\/nkgclinic.com\/index.php?rest_route=\/wp\/v2\/users\/1"}],"replies":[{"embeddable":true,"href":"https:\/\/nkgclinic.com\/index.php?rest_route=%2Fwp%2Fv2%2Fcomments&post=1609"}],"version-history":[{"count":7,"href":"https:\/\/nkgclinic.com\/index.php?rest_route=\/wp\/v2\/pages\/1609\/revisions"}],"predecessor-version":[{"id":1616,"href":"https:\/\/nkgclinic.com\/index.php?rest_route=\/wp\/v2\/pages\/1609\/revisions\/1616"}],"wp:attachment":[{"href":"https:\/\/nkgclinic.com\/index.php?rest_route=%2Fwp%2Fv2%2Fmedia&parent=1609"}],"curies":[{"name":"wp","href":"https:\/\/api.w.org\/{rel}","templated":true}]}}