{"id":1543,"date":"2024-10-31T11:41:32","date_gmt":"2024-10-31T11:41:32","guid":{"rendered":"https:\/\/nkgclinic.com\/?post_type=product&#038;p=1543"},"modified":"2026-01-07T19:25:40","modified_gmt":"2026-01-07T19:25:40","slug":"huile-intime","status":"publish","type":"product","link":"https:\/\/nkgclinic.com\/?product=huile-intime","title":{"rendered":"HUILE HYDRATANTE INTIME"},"content":{"rendered":"<h3>\ud83c\udf38 Huile Pr\u00e9cieuse Antibact\u00e9rienne et Antifongique \ud83c\udf38<\/h3>\n<p>D\u00e9couvrez notre huile pr\u00e9cieuse, \u00e9labor\u00e9e \u00e0 partir de p\u00e9tales de roses, reconnue pour leurs <strong>vertus apaisantes.<\/strong> Cette huile <strong>antibact\u00e9rienne<\/strong> et <strong>antifongique<\/strong> est un alli\u00e9 essentiel pour votre bien-\u00eatre f\u00e9minin. Elle apporte confort et apaisement en combattant et pr\u00e9venant divers probl\u00e8mes courants tels que les infections \u00e0 levures, les infections bact\u00e9riennes, la<strong> s\u00e9cheresse vaginale<\/strong> et <strong>l&rsquo;\u00e9quilibre du pH<\/strong>.<\/p>\n<p>Utilisation :<br \/>\n&#8211; Pr\u00e9sent\u00e9e sous forme de flacon compte-gouttes pour une application pr\u00e9cise.<br \/>\n&#8211; \u00c0 appliquer chaque jour apr\u00e8s le bain ou la douche sur la zone du maillot et les l\u00e8vres propres et s\u00e8ches.<br \/>\n&#8211; Massez doucement pour favoriser une meilleure p\u00e9n\u00e9tration.<br \/>\n&#8211; L&rsquo;huile peut \u00eatre utilis\u00e9e plusieurs fois par jour selon les besoins.<\/p>\n<p>Bienfaits :<br \/>\n&#8211; Combat les infections \u00e0 levures et bact\u00e9riennes<br \/>\n&#8211; Pr\u00e9vient la s\u00e9cheresse vaginale<br \/>\n&#8211; Aide \u00e0 maintenir l&rsquo;\u00e9quilibre du pH<br \/>\n&#8211; Apaise les irritations et d\u00e9mangeaisons<\/p>\n<p>Format disponible :<br \/>\nFlacon de 60 ml compte-gouttes, pratique pour une utilisation quotidienne.<\/p>\n<p>&nbsp;<\/p>\n","protected":false},"excerpt":{"rendered":"<p>\ud83c\udf38 Huile Pr\u00e9cieuse Antibact\u00e9rienne et Antifongique \ud83c\udf38 D\u00e9couvrez notre huile pr\u00e9cieuse, \u00e9labor\u00e9e \u00e0 partir de p\u00e9tales de roses, reconnue pour leurs vertus apaisantes. Cette huile antibact\u00e9rienne et antifongique est un alli\u00e9 essentiel pour votre bien-\u00eatre f\u00e9minin. Elle apporte confort et apaisement en combattant et pr\u00e9venant divers probl\u00e8mes courants tels que les infections \u00e0 levures, les [&hellip;]<\/p>\n","protected":false},"featured_media":1545,"template":"","meta":[],"product_brand":[],"product_cat":[42],"product_tag":[],"class_list":{"0":"post-1543","1":"product","2":"type-product","3":"status-publish","4":"has-post-thumbnail","6":"product_cat-hygiene-et-soins-intimes","8":"first","9":"instock","10":"shipping-taxable","11":"purchasable","12":"product-type-simple"},"jetpack_sharing_enabled":true,"_links":{"self":[{"href":"https:\/\/nkgclinic.com\/index.php?rest_route=\/wp\/v2\/product\/1543","targetHints":{"allow":["GET"]}}],"collection":[{"href":"https:\/\/nkgclinic.com\/index.php?rest_route=\/wp\/v2\/product"}],"about":[{"href":"https:\/\/nkgclinic.com\/index.php?rest_route=\/wp\/v2\/types\/product"}],"version-history":[{"count":3,"href":"https:\/\/nkgclinic.com\/index.php?rest_route=\/wp\/v2\/product\/1543\/revisions"}],"predecessor-version":[{"id":2562,"href":"https:\/\/nkgclinic.com\/index.php?rest_route=\/wp\/v2\/product\/1543\/revisions\/2562"}],"wp:featuredmedia":[{"embeddable":true,"href":"https:\/\/nkgclinic.com\/index.php?rest_route=\/wp\/v2\/media\/1545"}],"wp:attachment":[{"href":"https:\/\/nkgclinic.com\/index.php?rest_route=%2Fwp%2Fv2%2Fmedia&parent=1543"}],"wp:term":[{"taxonomy":"product_brand","embeddable":true,"href":"https:\/\/nkgclinic.com\/index.php?rest_route=%2Fwp%2Fv2%2Fproduct_brand&post=1543"},{"taxonomy":"product_cat","embeddable":true,"href":"https:\/\/nkgclinic.com\/index.php?rest_route=%2Fwp%2Fv2%2Fproduct_cat&post=1543"},{"taxonomy":"product_tag","embeddable":true,"href":"https:\/\/nkgclinic.com\/index.php?rest_route=%2Fwp%2Fv2%2Fproduct_tag&post=1543"}],"curies":[{"name":"wp","href":"https:\/\/api.w.org\/{rel}","templated":true}]}}