{"id":1562,"date":"2024-10-31T12:25:06","date_gmt":"2024-10-31T12:25:06","guid":{"rendered":"https:\/\/nkgclinic.com\/?post_type=product&#038;p=1562"},"modified":"2025-12-07T23:01:53","modified_gmt":"2025-12-07T23:01:53","slug":"plantes-intimes","status":"publish","type":"product","link":"https:\/\/nkgclinic.com\/?product=plantes-intimes","title":{"rendered":"PACK \u00ab\u00a0BAIN VAPEUR\u00a0\u00bb PLANTES INTIMES"},"content":{"rendered":"<h3>Bain Vapeur Intime \u2013 Soulagement et Apaisement pour Votre Yoni<\/h3>\n<p>Ce m\u00e9lange d&rsquo;herbes a \u00e9t\u00e9 sp\u00e9cialement con\u00e7u pour soulager et traiter l&rsquo;inconfort de votre yoni. Compos\u00e9 de fleurs de camomille, de roses et d&rsquo;agripaume, ce m\u00e9lange offre une infusion apaisante et r\u00e9confortante.<\/p>\n<p>Les plantes s\u00e9lectionn\u00e9es agissent en synergie pour vous aider \u00e0 vous sentir purifi\u00e9e de l&rsquo;int\u00e9rieur. La vapeur douce contribue \u00e0 lutter contre la s\u00e9cheresse vaginale, apportant une hydratation bienfaisante \u00e0 votre zone intime.<\/p>\n<p>Mode d&rsquo;utilisation :<\/p>\n<ol>\n<li>Pr\u00e9parez de l&rsquo;eau chaude dans un r\u00e9cipient r\u00e9sistant \u00e0 la chaleur.<\/li>\n<li>Ajoutez le m\u00e9lange d&rsquo;herbes \u00e0 l&rsquo;eau chaude.<\/li>\n<li>Asseyez-vous au-dessus du r\u00e9cipient pour profiter de la vapeur pendant environ 20 minutes.<\/li>\n<\/ol>\n<p>&nbsp;<\/p>\n<p>\u00ab\u00a0Prendre soin de ton int\u00e9rieur&#8230;\u00a0\u00bb<\/p>\n<p>&nbsp;<\/p>\n","protected":false},"excerpt":{"rendered":"<p>Bain Vapeur Intime \u2013 Soulagement et Apaisement pour Votre Yoni Ce m\u00e9lange d&rsquo;herbes a \u00e9t\u00e9 sp\u00e9cialement con\u00e7u pour soulager et traiter l&rsquo;inconfort de votre yoni. Compos\u00e9 de fleurs de camomille, de roses et d&rsquo;agripaume, ce m\u00e9lange offre une infusion apaisante et r\u00e9confortante. Les plantes s\u00e9lectionn\u00e9es agissent en synergie pour vous aider \u00e0 vous sentir purifi\u00e9e [&hellip;]<\/p>\n","protected":false},"featured_media":1563,"template":"","meta":[],"product_brand":[],"product_cat":[42,38],"product_tag":[],"class_list":{"0":"post-1562","1":"product","2":"type-product","3":"status-publish","4":"has-post-thumbnail","6":"product_cat-hygiene-et-soins-intimes","7":"product_cat-plantes-therapeutiques","9":"first","10":"instock","11":"shipping-taxable","12":"purchasable","13":"product-type-simple"},"jetpack_sharing_enabled":true,"_links":{"self":[{"href":"https:\/\/nkgclinic.com\/index.php?rest_route=\/wp\/v2\/product\/1562","targetHints":{"allow":["GET"]}}],"collection":[{"href":"https:\/\/nkgclinic.com\/index.php?rest_route=\/wp\/v2\/product"}],"about":[{"href":"https:\/\/nkgclinic.com\/index.php?rest_route=\/wp\/v2\/types\/product"}],"version-history":[{"count":3,"href":"https:\/\/nkgclinic.com\/index.php?rest_route=\/wp\/v2\/product\/1562\/revisions"}],"predecessor-version":[{"id":2565,"href":"https:\/\/nkgclinic.com\/index.php?rest_route=\/wp\/v2\/product\/1562\/revisions\/2565"}],"wp:featuredmedia":[{"embeddable":true,"href":"https:\/\/nkgclinic.com\/index.php?rest_route=\/wp\/v2\/media\/1563"}],"wp:attachment":[{"href":"https:\/\/nkgclinic.com\/index.php?rest_route=%2Fwp%2Fv2%2Fmedia&parent=1562"}],"wp:term":[{"taxonomy":"product_brand","embeddable":true,"href":"https:\/\/nkgclinic.com\/index.php?rest_route=%2Fwp%2Fv2%2Fproduct_brand&post=1562"},{"taxonomy":"product_cat","embeddable":true,"href":"https:\/\/nkgclinic.com\/index.php?rest_route=%2Fwp%2Fv2%2Fproduct_cat&post=1562"},{"taxonomy":"product_tag","embeddable":true,"href":"https:\/\/nkgclinic.com\/index.php?rest_route=%2Fwp%2Fv2%2Fproduct_tag&post=1562"}],"curies":[{"name":"wp","href":"https:\/\/api.w.org\/{rel}","templated":true}]}}