{"id":1732,"date":"2024-11-04T22:48:37","date_gmt":"2024-11-04T22:48:37","guid":{"rendered":"https:\/\/nkgclinic.com\/?post_type=product&#038;p=1732"},"modified":"2025-12-07T23:00:58","modified_gmt":"2025-12-07T23:00:58","slug":"savon-noir-a-la-poudre-de-nila","status":"publish","type":"product","link":"https:\/\/nkgclinic.com\/?product=savon-noir-a-la-poudre-de-nila","title":{"rendered":"SAVON NOIR A LA POUDRE DE NILA"},"content":{"rendered":"\t\t<div data-elementor-type=\"wp-post\" data-elementor-id=\"1732\" class=\"elementor elementor-1732\">\n\t\t\t\t<div class=\"elementor-element elementor-element-906ca46 e-con-full e-flex e-con e-parent\" data-id=\"906ca46\" data-element_type=\"container\" data-e-type=\"container\">\n\t\t\t\t<div class=\"elementor-element elementor-element-2153be6 elementor-widget__width-initial elementor-widget-mobile__width-initial elementor-widget elementor-widget-video\" data-id=\"2153be6\" data-element_type=\"widget\" data-e-type=\"widget\" data-settings=\"{&quot;video_type&quot;:&quot;hosted&quot;,&quot;controls&quot;:&quot;yes&quot;}\" data-widget_type=\"video.default\">\n\t\t\t\t<div class=\"elementor-widget-container\">\n\t\t\t\t\t\t\t<div class=\"e-hosted-video elementor-wrapper elementor-open-inline\">\n\t\t\t\t\t<video class=\"elementor-video\" src=\"https:\/\/nkgclinic.com\/wp-content\/uploads\/2024\/11\/WhatsApp-Video-2024-11-03-at-23.54.16.mp4\" controls=\"\" preload=\"metadata\" controlsList=\"nodownload\"><\/video>\n\t\t\t\t<\/div>\n\t\t\t\t\t\t<\/div>\n\t\t\t\t<\/div>\n\t\t\t\t<div class=\"elementor-element elementor-element-98fe588 elementor-widget elementor-widget-text-editor\" data-id=\"98fe588\" data-element_type=\"widget\" data-e-type=\"widget\" data-widget_type=\"text-editor.default\">\n\t\t\t\t<div class=\"elementor-widget-container\">\n\t\t\t\t\t\t\t\t\t<h3><strong>Savon Noir au Nila Bleu \u2013 Secret Ancestral pour une Peau Sublime<\/strong><\/h3><p>D\u00e9couvrez l&rsquo;authentique savon noir enrichi en poudre de Nila bleu, un soin naturel et artisanal originaire du Maroc, id\u00e9al pour exfolier, hydrater, et illuminer la peau.<\/p><p><strong>Un Tr\u00e9sor de Beaut\u00e9 du Maroc<\/strong><br \/>Ce savon noir est \u00e9labor\u00e9 selon les traditions marocaines ancestrales, \u00e0 partir d&rsquo;olives noires broy\u00e9es et de poudre de Nila bleu, un min\u00e9ral rare extrait des montagnes du Sahara. La poudre de Nila, avec sa teinte bleu royal, est reconnue pour ses propri\u00e9t\u00e9s \u00e9claircissantes et adoucissantes, un v\u00e9ritable secret de beaut\u00e9 des femmes sahariennes.<\/p><h4>Bienfaits de la Poudre de Nila Bleu<\/h4><ul><li><strong>Teint \u00e9clairci et uniforme<\/strong> : R\u00e9duit les zones sombres (coudes, genoux, aisselles) et les taches brunes.<\/li><li><strong>Anti-\u00e2ge naturel<\/strong> : Adoucit la peau tout en att\u00e9nuant les signes de vieillissement.<\/li><li><strong>Hydratation intense<\/strong> : Apaise et hydrate en profondeur, laissant une peau douce et satin\u00e9e.<\/li><\/ul><h4>Propri\u00e9t\u00e9s du Savon Noir au Nila<\/h4><p>Le savon noir, r\u00e9put\u00e9 pour son pouvoir exfoliant naturel, \u00e9limine les impuret\u00e9s et les cellules mortes. Riche en vitamine E, il nourrit la peau tout en favorisant la d\u00e9toxification et l&rsquo;hydratation. Contrairement aux savons classiques, ce savon noir se transforme en une texture cr\u00e9meuse et onctueuse au contact de l&rsquo;eau, id\u00e9ale pour un soin doux et sans irritation.<\/p><h4>Mode d&rsquo;Emploi<\/h4><p>Pour profiter pleinement des bienfaits, appliquez le savon noir sur peau mouill\u00e9e sous la douche, puis exfoliez en douceur avec un gant de Kessa. Rincez \u00e0 l&rsquo;eau ti\u00e8de pour r\u00e9v\u00e9ler une peau radieuse et soyeuse. Pour des r\u00e9sultats optimaux, effectuez ce rituel une \u00e0 deux fois par semaine.<\/p><p><strong>Ingr\u00e9dients<\/strong> : Huile d&rsquo;olive, poudre de Nila bleu du Sahara<br \/><strong>Origine<\/strong> : Maroc<br \/><strong>Contenance<\/strong> : 400 g<\/p><p>Ce savon noir au Nila bleu est id\u00e9al pour un rituel de beaut\u00e9 traditionnel marocain, offrant un soin complet pour une peau \u00e9clatante et unifi\u00e9e.<\/p>\t\t\t\t\t\t\t\t<\/div>\n\t\t\t\t<\/div>\n\t\t\t\t<\/div>\n\t\t<div class=\"elementor-element elementor-element-46e8bab e-con-full e-flex e-con e-parent\" data-id=\"46e8bab\" data-element_type=\"container\" data-e-type=\"container\">\n\t\t\t\t<\/div>\n\t\t\t\t<\/div>\n\t\t","protected":false},"excerpt":{"rendered":"<p>https:\/\/nkgclinic.com\/wp-content\/uploads\/2024\/11\/WhatsApp-Video-2024-11-03-at-23.54.16.mp4 Savon Noir au Nila Bleu \u2013 Secret Ancestral pour une Peau Sublime D\u00e9couvrez l&rsquo;authentique savon noir enrichi en poudre de Nila bleu, un soin naturel et artisanal originaire du Maroc, id\u00e9al pour exfolier, hydrater, et illuminer la peau. Un Tr\u00e9sor de Beaut\u00e9 du Maroc Ce savon noir est \u00e9labor\u00e9 selon les traditions marocaines ancestrales, [&hellip;]<\/p>\n","protected":false},"featured_media":1735,"template":"","meta":[],"product_brand":[],"product_cat":[41],"product_tag":[],"class_list":{"0":"post-1732","1":"product","2":"type-product","3":"status-publish","4":"has-post-thumbnail","6":"product_cat-soins-corporels","8":"first","9":"outofstock","10":"shipping-taxable","11":"purchasable","12":"product-type-simple"},"jetpack_sharing_enabled":true,"_links":{"self":[{"href":"https:\/\/nkgclinic.com\/index.php?rest_route=\/wp\/v2\/product\/1732","targetHints":{"allow":["GET"]}}],"collection":[{"href":"https:\/\/nkgclinic.com\/index.php?rest_route=\/wp\/v2\/product"}],"about":[{"href":"https:\/\/nkgclinic.com\/index.php?rest_route=\/wp\/v2\/types\/product"}],"version-history":[{"count":13,"href":"https:\/\/nkgclinic.com\/index.php?rest_route=\/wp\/v2\/product\/1732\/revisions"}],"predecessor-version":[{"id":1765,"href":"https:\/\/nkgclinic.com\/index.php?rest_route=\/wp\/v2\/product\/1732\/revisions\/1765"}],"wp:featuredmedia":[{"embeddable":true,"href":"https:\/\/nkgclinic.com\/index.php?rest_route=\/wp\/v2\/media\/1735"}],"wp:attachment":[{"href":"https:\/\/nkgclinic.com\/index.php?rest_route=%2Fwp%2Fv2%2Fmedia&parent=1732"}],"wp:term":[{"taxonomy":"product_brand","embeddable":true,"href":"https:\/\/nkgclinic.com\/index.php?rest_route=%2Fwp%2Fv2%2Fproduct_brand&post=1732"},{"taxonomy":"product_cat","embeddable":true,"href":"https:\/\/nkgclinic.com\/index.php?rest_route=%2Fwp%2Fv2%2Fproduct_cat&post=1732"},{"taxonomy":"product_tag","embeddable":true,"href":"https:\/\/nkgclinic.com\/index.php?rest_route=%2Fwp%2Fv2%2Fproduct_tag&post=1732"}],"curies":[{"name":"wp","href":"https:\/\/api.w.org\/{rel}","templated":true}]}}