{"id":1751,"date":"2024-11-04T23:15:18","date_gmt":"2024-11-04T23:15:18","guid":{"rendered":"https:\/\/nkgclinic.com\/?post_type=product&#038;p=1751"},"modified":"2025-12-07T23:00:45","modified_gmt":"2025-12-07T23:00:45","slug":"savon-noir-au-citron","status":"publish","type":"product","link":"https:\/\/nkgclinic.com\/?product=savon-noir-au-citron","title":{"rendered":"SAVON NOIR AU CITRON"},"content":{"rendered":"\t\t<div data-elementor-type=\"wp-post\" data-elementor-id=\"1751\" class=\"elementor elementor-1751\">\n\t\t\t\t<div class=\"elementor-element elementor-element-efc6998 e-flex e-con-boxed e-con e-parent\" data-id=\"efc6998\" data-element_type=\"container\" data-e-type=\"container\">\n\t\t\t\t\t<div class=\"e-con-inner\">\n\t\t\t\t<div class=\"elementor-element elementor-element-9cfb81f elementor-widget__width-initial elementor-widget elementor-widget-video\" data-id=\"9cfb81f\" data-element_type=\"widget\" data-e-type=\"widget\" data-settings=\"{&quot;video_type&quot;:&quot;hosted&quot;,&quot;controls&quot;:&quot;yes&quot;}\" data-widget_type=\"video.default\">\n\t\t\t\t<div class=\"elementor-widget-container\">\n\t\t\t\t\t\t\t<div class=\"e-hosted-video elementor-wrapper elementor-open-inline\">\n\t\t\t\t\t<video class=\"elementor-video\" src=\"https:\/\/nkgclinic.com\/wp-content\/uploads\/2024\/11\/20240926_191126.mp4\" controls=\"\" preload=\"metadata\" controlsList=\"nodownload\"><\/video>\n\t\t\t\t<\/div>\n\t\t\t\t\t\t<\/div>\n\t\t\t\t<\/div>\n\t\t\t\t<div class=\"elementor-element elementor-element-3c7a6aa elementor-widget elementor-widget-text-editor\" data-id=\"3c7a6aa\" data-element_type=\"widget\" data-e-type=\"widget\" data-widget_type=\"text-editor.default\">\n\t\t\t\t<div class=\"elementor-widget-container\">\n\t\t\t\t\t\t\t\t\t<h3><strong>Savon Noir au Citron \u2013 Exfoliation Naturelle et Hydratation Profonde \ud83c\udf3f<\/strong><\/h3><p>D\u00e9couvrez notre savon noir au citron d&rsquo;origine naturelle, reconnu pour ses <strong>propri\u00e9t\u00e9s exfoliantes, clarifiantes, hydratantes et antiseptiques<\/strong>. Enrichi en vitamine E, ce savon purifiant aide \u00e0 nettoyer la peau en douceur tout en lui apportant une hydratation durable et un effet satin\u00e9 imm\u00e9diat. Id\u00e9al pour une peau douce, nourrie et revitalis\u00e9e.<\/p><p><strong>Conseils d&rsquo;utilisation :<\/strong><\/p><ol><li>Prendre une douche \u00e0 l&rsquo;eau chaude pour ouvrir les pores.<\/li><li>Appliquer une couche de savon noir au citron sur le corps.<\/li><li>Laisser poser 5 \u00e0 10 minutes.<\/li><li>Rincer \u00e0 l&rsquo;eau ti\u00e8de.<\/li><li>Exfolier la peau avec le gant KESSA pour \u00e9liminer les peaux mortes.<\/li><\/ol><p><strong>Origine :<\/strong> Fabriqu\u00e9 au Maroc, avec des ingr\u00e9dients naturels et dans le respect des traditions ancestrales.<\/p>\t\t\t\t\t\t\t\t<\/div>\n\t\t\t\t<\/div>\n\t\t\t\t\t<\/div>\n\t\t\t\t<\/div>\n\t\t<div class=\"elementor-element elementor-element-3807146 e-flex e-con-boxed e-con e-parent\" data-id=\"3807146\" data-element_type=\"container\" data-e-type=\"container\">\n\t\t\t\t\t<div class=\"e-con-inner\">\n\t\t\t\t\t<\/div>\n\t\t\t\t<\/div>\n\t\t\t\t<\/div>\n\t\t","protected":false},"excerpt":{"rendered":"<p>https:\/\/nkgclinic.com\/wp-content\/uploads\/2024\/11\/20240926_191126.mp4 Savon Noir au Citron \u2013 Exfoliation Naturelle et Hydratation Profonde \ud83c\udf3f D\u00e9couvrez notre savon noir au citron d&rsquo;origine naturelle, reconnu pour ses propri\u00e9t\u00e9s exfoliantes, clarifiantes, hydratantes et antiseptiques. Enrichi en vitamine E, ce savon purifiant aide \u00e0 nettoyer la peau en douceur tout en lui apportant une hydratation durable et un effet satin\u00e9 imm\u00e9diat. [&hellip;]<\/p>\n","protected":false},"featured_media":1763,"template":"","meta":[],"product_brand":[],"product_cat":[41],"product_tag":[],"class_list":{"0":"post-1751","1":"product","2":"type-product","3":"status-publish","4":"has-post-thumbnail","6":"product_cat-soins-corporels","8":"first","9":"instock","10":"shipping-taxable","11":"purchasable","12":"product-type-simple"},"jetpack_sharing_enabled":true,"_links":{"self":[{"href":"https:\/\/nkgclinic.com\/index.php?rest_route=\/wp\/v2\/product\/1751","targetHints":{"allow":["GET"]}}],"collection":[{"href":"https:\/\/nkgclinic.com\/index.php?rest_route=\/wp\/v2\/product"}],"about":[{"href":"https:\/\/nkgclinic.com\/index.php?rest_route=\/wp\/v2\/types\/product"}],"version-history":[{"count":9,"href":"https:\/\/nkgclinic.com\/index.php?rest_route=\/wp\/v2\/product\/1751\/revisions"}],"predecessor-version":[{"id":1824,"href":"https:\/\/nkgclinic.com\/index.php?rest_route=\/wp\/v2\/product\/1751\/revisions\/1824"}],"wp:featuredmedia":[{"embeddable":true,"href":"https:\/\/nkgclinic.com\/index.php?rest_route=\/wp\/v2\/media\/1763"}],"wp:attachment":[{"href":"https:\/\/nkgclinic.com\/index.php?rest_route=%2Fwp%2Fv2%2Fmedia&parent=1751"}],"wp:term":[{"taxonomy":"product_brand","embeddable":true,"href":"https:\/\/nkgclinic.com\/index.php?rest_route=%2Fwp%2Fv2%2Fproduct_brand&post=1751"},{"taxonomy":"product_cat","embeddable":true,"href":"https:\/\/nkgclinic.com\/index.php?rest_route=%2Fwp%2Fv2%2Fproduct_cat&post=1751"},{"taxonomy":"product_tag","embeddable":true,"href":"https:\/\/nkgclinic.com\/index.php?rest_route=%2Fwp%2Fv2%2Fproduct_tag&post=1751"}],"curies":[{"name":"wp","href":"https:\/\/api.w.org\/{rel}","templated":true}]}}