{"id":1766,"date":"2024-11-04T23:30:06","date_gmt":"2024-11-04T23:30:06","guid":{"rendered":"https:\/\/nkgclinic.com\/?post_type=product&#038;p=1766"},"modified":"2025-12-07T23:00:33","modified_gmt":"2025-12-07T23:00:33","slug":"gant-kessa","status":"publish","type":"product","link":"https:\/\/nkgclinic.com\/?product=gant-kessa","title":{"rendered":"GANT KESSA"},"content":{"rendered":"<div style=\"width: 640px;\" class=\"wp-video\"><video class=\"wp-video-shortcode\" id=\"video-1766-1\" width=\"640\" height=\"360\" preload=\"metadata\" controls=\"controls\"><source type=\"video\/mp4\" src=\"https:\/\/nkgclinic.com\/wp-content\/uploads\/2024\/11\/20240926_191226.mp4?_=1\" \/><a href=\"https:\/\/nkgclinic.com\/wp-content\/uploads\/2024\/11\/20240926_191226.mp4\">https:\/\/nkgclinic.com\/wp-content\/uploads\/2024\/11\/20240926_191226.mp4<\/a><\/video><\/div>\n<h4><strong>Gant Kessa Exfoliant \u2013 Un Rituel Beaut\u00e9 Oriental pour une Peau Douce et \u00c9clatante<\/strong><\/h4>\n<p>Id\u00e9al pour \u00e9liminer les peaux mortes et purifier la peau, le <strong>gant Kessa<\/strong> en cr\u00eape de haute qualit\u00e9 (rugueux et granuleux mais non agressif) offre une exfoliation douce et efficace. En r\u00e9activant la circulation sanguine, ce gant contribue \u00e0 une peau nette, soyeuse et \u00e9clatante de sant\u00e9.<\/p>\n<p>Secret de beaut\u00e9 oriental, le gant Kessa s\u2019utilise au hammam ou \u00e0 domicile avec du <strong>savon noir<\/strong> ou du <strong>savon d&rsquo;Alep<\/strong> pour un soin en profondeur. Il aide \u00e0 d\u00e9toxifier la peau, \u00e9liminer les impuret\u00e9s et activer la circulation sanguine.<\/p>\n<p><strong>Bienfaits du Gant Kessa :<\/strong><\/p>\n<ul>\n<li>\u00c9limine les cellules mortes et les impuret\u00e9s par une exfoliation m\u00e9canique.<\/li>\n<li>Stimule la circulation sanguine.<\/li>\n<li>Contribue \u00e0 r\u00e9duire l\u2019apparence de la cellulite.<\/li>\n<li>Favorise l\u2019\u00e9limination des toxines de la peau.<\/li>\n<\/ul>\n<p><strong>Conseils d&rsquo;utilisation :<\/strong><\/p>\n<ol>\n<li>Prendre une douche \u00e0 l&rsquo;eau chaude pour ouvrir les pores sans utiliser de gel douche.<\/li>\n<li>Appliquer une noisette de savon noir ou de savon d\u2019Alep, faire mousser et laisser poser 5 \u00e0 10 minutes.<\/li>\n<li>Humidifier le gant Kessa et exfolier la peau en mouvements de va-et-vient.<\/li>\n<li>Rincer \u00e0 l&rsquo;eau chaude et hydrater avec une huile v\u00e9g\u00e9tale, comme l\u2019huile d\u2019argan ou le beurre de karit\u00e9.<\/li>\n<\/ol>\n<p><strong>Entretien du gant :<\/strong> D\u00e9sinfectez-le en le plongeant dans de l&rsquo;eau bouillante pendant deux minutes ou lavez-le en machine apr\u00e8s chaque utilisation.<\/p>\n","protected":false},"excerpt":{"rendered":"<p>https:\/\/nkgclinic.com\/wp-content\/uploads\/2024\/11\/20240926_191226.mp4 Gant Kessa Exfoliant \u2013 Un Rituel Beaut\u00e9 Oriental pour une Peau Douce et \u00c9clatante Id\u00e9al pour \u00e9liminer les peaux mortes et purifier la peau, le gant Kessa en cr\u00eape de haute qualit\u00e9 (rugueux et granuleux mais non agressif) offre une exfoliation douce et efficace. En r\u00e9activant la circulation sanguine, ce gant contribue \u00e0 une [&hellip;]<\/p>\n","protected":false},"featured_media":1774,"template":"","meta":[],"product_brand":[],"product_cat":[41],"product_tag":[],"class_list":{"0":"post-1766","1":"product","2":"type-product","3":"status-publish","4":"has-post-thumbnail","6":"product_cat-soins-corporels","8":"first","9":"instock","10":"shipping-taxable","11":"purchasable","12":"product-type-simple"},"jetpack_sharing_enabled":true,"_links":{"self":[{"href":"https:\/\/nkgclinic.com\/index.php?rest_route=\/wp\/v2\/product\/1766","targetHints":{"allow":["GET"]}}],"collection":[{"href":"https:\/\/nkgclinic.com\/index.php?rest_route=\/wp\/v2\/product"}],"about":[{"href":"https:\/\/nkgclinic.com\/index.php?rest_route=\/wp\/v2\/types\/product"}],"version-history":[{"count":8,"href":"https:\/\/nkgclinic.com\/index.php?rest_route=\/wp\/v2\/product\/1766\/revisions"}],"predecessor-version":[{"id":1825,"href":"https:\/\/nkgclinic.com\/index.php?rest_route=\/wp\/v2\/product\/1766\/revisions\/1825"}],"wp:featuredmedia":[{"embeddable":true,"href":"https:\/\/nkgclinic.com\/index.php?rest_route=\/wp\/v2\/media\/1774"}],"wp:attachment":[{"href":"https:\/\/nkgclinic.com\/index.php?rest_route=%2Fwp%2Fv2%2Fmedia&parent=1766"}],"wp:term":[{"taxonomy":"product_brand","embeddable":true,"href":"https:\/\/nkgclinic.com\/index.php?rest_route=%2Fwp%2Fv2%2Fproduct_brand&post=1766"},{"taxonomy":"product_cat","embeddable":true,"href":"https:\/\/nkgclinic.com\/index.php?rest_route=%2Fwp%2Fv2%2Fproduct_cat&post=1766"},{"taxonomy":"product_tag","embeddable":true,"href":"https:\/\/nkgclinic.com\/index.php?rest_route=%2Fwp%2Fv2%2Fproduct_tag&post=1766"}],"curies":[{"name":"wp","href":"https:\/\/api.w.org\/{rel}","templated":true}]}}