{"id":2148,"date":"2024-11-09T01:08:55","date_gmt":"2024-11-09T01:08:55","guid":{"rendered":"https:\/\/nkgclinic.com\/?post_type=product&#038;p=2148"},"modified":"2025-12-07T23:00:23","modified_gmt":"2025-12-07T23:00:23","slug":"rhassoul","status":"publish","type":"product","link":"https:\/\/nkgclinic.com\/?product=rhassoul","title":{"rendered":"Masque Ghassoul \u00ab\u00a0Rhassoul\u00a0\u00bb"},"content":{"rendered":"\t\t<div data-elementor-type=\"wp-post\" data-elementor-id=\"2148\" class=\"elementor elementor-2148\">\n\t\t\t\t<div class=\"elementor-element elementor-element-b204791 e-flex e-con-boxed e-con e-parent\" data-id=\"b204791\" data-element_type=\"container\" data-e-type=\"container\">\n\t\t\t\t\t<div class=\"e-con-inner\">\n\t\t\t\t<div class=\"elementor-element elementor-element-ac0386d elementor-widget elementor-widget-text-editor\" data-id=\"ac0386d\" data-element_type=\"widget\" data-e-type=\"widget\" data-widget_type=\"text-editor.default\">\n\t\t\t\t<div class=\"elementor-widget-container\">\n\t\t\t\t\t\t\t\t\t<h3>Rhassoul &#8211; Argile Naturelle (Ghassoul)<\/h3>\n<p>Appel\u00e9 aussi \u00ab Ghassoul \u00bb, le rhassoul est une argile naturelle originaire des montagnes de l\u2019Atlas, au Maroc. Depuis des si\u00e8cles, les femmes l\u2019utilisent pour les soins de leurs cheveux et de leur peau. Si vous \u00eates fan de produits naturels et que vous aimez pr\u00e9parer vos cosm\u00e9tiques maison, le rhassoul deviendra rapidement votre alli\u00e9 beaut\u00e9 !<\/p>\n<p>Au Maroc, le rhassoul fait partie des incontournables du rituel du hammam, aux c\u00f4t\u00e9s du savon noir et du gant de crin. Utilis\u00e9 pour les soins de la peau et des cheveux, il fait partie des secrets de beaut\u00e9 traditionnels transmis de g\u00e9n\u00e9ration en g\u00e9n\u00e9ration depuis des mill\u00e9naires.<\/p>\n<p>On lui attribue d\u2019excellentes propri\u00e9t\u00e9s purifiantes et nettoyantes. \u00c9galement appel\u00e9 \u00ab Terre qui lave \u00bb, le rhassoul poss\u00e8de une grande capacit\u00e9 d\u2019absorption et d&rsquo;adsorption des impuret\u00e9s et des toxines, ce qui permet un soin en profondeur tout en douceur. Extr\u00eamement riche en min\u00e9raux tels que le magn\u00e9sium, le fer, le sodium, le zinc, le phosphore et le potassium, le rhassoul est nettoyant, exfoliant, r\u00e9gulateur, apaisant et adoucissant. Il est donc adapt\u00e9 \u00e0 tous les types de peau et de cheveux sans les agresser.<\/p>\n<h3>Bienfaits sur le visage :<\/h3>\n<ul>\n<li>Nettoie tous les types de peau : Le rhassoul \u00e9limine les impuret\u00e9s et absorbe les toxines sans endommager le film hydrolipidique protecteur de la peau.<\/li>\n<li>R\u00e9\u00e9quilibre les peaux grasses : Il aide \u00e0 l\u2019\u00e9limination des points noirs tout en r\u00e9gulant la s\u00e9cr\u00e9tion de s\u00e9bum.<\/li>\n<li>Unifie le teint et affine le grain de peau : Il resserre les pores dilat\u00e9s et redonne \u00e0 la peau un aspect \u00ab peau de b\u00e9b\u00e9 \u00bb.<\/li>\n<li>Adoucit et satine la peau : Il donne un effet bonne mine et \u00e9claire les teints ternes.<\/li>\n<li>Le rhassoul blanc : Il a \u00e9galement des propri\u00e9t\u00e9s \u00e9claircissantes qui redonnent de l\u2019\u00e9clat aux peaux fatigu\u00e9es.<\/li>\n<\/ul>\n<h3>Bienfaits sur les cheveux :<\/h3>\n<ul>\n<li>Nettoie et d\u00e9graisse tous types de cheveux et de cuir chevelu (id\u00e9al en shampooing).<\/li>\n<li>Renforce et donne de la r\u00e9sistance aux cheveux.<\/li>\n<li>Assouplit et fait briller les cheveux.<\/li>\n<li>R\u00e9g\u00e9n\u00e8re le cuir chevelu en r\u00e9duisant les pellicules et les d\u00e9mangeaisons.<\/li>\n<\/ul>\n<h3>Informations compl\u00e9mentaires :<\/h3>\n<ul>\n<li>Format : Pot de 250 ml<\/li>\n<li>Utilisation : 2 fois par semaine (1 pot \u00e9quivaut \u00e0 environ 2 mois d\u2019utilisation, voire plus selon la fr\u00e9quence d\u2019utilisation).<\/li>\n<li>Convient \u00e0 tous les types de peau et de cheveux.<\/li>\n<\/ul>\n<p>Offrez \u00e0 votre peau et \u00e0 vos cheveux les bienfaits de cette argile magique, le rhassoul, et redonnez-leur \u00e9clat et douceur, naturellement !<\/p>\t\t\t\t\t\t\t\t<\/div>\n\t\t\t\t<\/div>\n\t\t\t\t\t<\/div>\n\t\t\t\t<\/div>\n\t\t\t\t<\/div>\n\t\t","protected":false},"excerpt":{"rendered":"<ul>\n<li>Purifie et absorbe les impuret\u00e9s en douceur<\/li>\n<li>Adoucit et apaise la peau gr\u00e2ce \u00e0 la fleur d\u2019oranger<\/li>\n<li>Illumine le teint et resserre les pores<\/li>\n<\/ul>\n","protected":false},"featured_media":2154,"template":"","meta":[],"product_brand":[],"product_cat":[39,40],"product_tag":[],"class_list":{"0":"post-2148","1":"product","2":"type-product","3":"status-publish","4":"has-post-thumbnail","6":"product_cat-soins-capillaires","7":"product_cat-soins-visage","9":"first","10":"instock","11":"shipping-taxable","12":"purchasable","13":"product-type-simple"},"jetpack_sharing_enabled":true,"_links":{"self":[{"href":"https:\/\/nkgclinic.com\/index.php?rest_route=\/wp\/v2\/product\/2148","targetHints":{"allow":["GET"]}}],"collection":[{"href":"https:\/\/nkgclinic.com\/index.php?rest_route=\/wp\/v2\/product"}],"about":[{"href":"https:\/\/nkgclinic.com\/index.php?rest_route=\/wp\/v2\/types\/product"}],"version-history":[{"count":6,"href":"https:\/\/nkgclinic.com\/index.php?rest_route=\/wp\/v2\/product\/2148\/revisions"}],"predecessor-version":[{"id":2567,"href":"https:\/\/nkgclinic.com\/index.php?rest_route=\/wp\/v2\/product\/2148\/revisions\/2567"}],"wp:featuredmedia":[{"embeddable":true,"href":"https:\/\/nkgclinic.com\/index.php?rest_route=\/wp\/v2\/media\/2154"}],"wp:attachment":[{"href":"https:\/\/nkgclinic.com\/index.php?rest_route=%2Fwp%2Fv2%2Fmedia&parent=2148"}],"wp:term":[{"taxonomy":"product_brand","embeddable":true,"href":"https:\/\/nkgclinic.com\/index.php?rest_route=%2Fwp%2Fv2%2Fproduct_brand&post=2148"},{"taxonomy":"product_cat","embeddable":true,"href":"https:\/\/nkgclinic.com\/index.php?rest_route=%2Fwp%2Fv2%2Fproduct_cat&post=2148"},{"taxonomy":"product_tag","embeddable":true,"href":"https:\/\/nkgclinic.com\/index.php?rest_route=%2Fwp%2Fv2%2Fproduct_tag&post=2148"}],"curies":[{"name":"wp","href":"https:\/\/api.w.org\/{rel}","templated":true}]}}