{"id":2189,"date":"2024-11-09T01:38:29","date_gmt":"2024-11-09T01:38:29","guid":{"rendered":"https:\/\/nkgclinic.com\/?post_type=product&#038;p=2189"},"modified":"2025-12-07T23:00:08","modified_gmt":"2025-12-07T23:00:08","slug":"pommade-volumatrice","status":"publish","type":"product","link":"https:\/\/nkgclinic.com\/?product=pommade-volumatrice","title":{"rendered":"POMMADE VOLUMATRICE HANCHE &#038; FESSE"},"content":{"rendered":"\t\t<div data-elementor-type=\"wp-post\" data-elementor-id=\"2189\" class=\"elementor elementor-2189\">\n\t\t\t\t<div class=\"elementor-element elementor-element-d80228e e-flex e-con-boxed e-con e-parent\" data-id=\"d80228e\" data-element_type=\"container\" data-e-type=\"container\">\n\t\t\t\t\t<div class=\"e-con-inner\">\n\t\t\t\t<div class=\"elementor-element elementor-element-e06021c elementor-widget elementor-widget-text-editor\" data-id=\"e06021c\" data-element_type=\"widget\" data-e-type=\"widget\" data-widget_type=\"text-editor.default\">\n\t\t\t\t<div class=\"elementor-widget-container\">\n\t\t\t\t\t\t\t\t\t<div class=\"flex-shrink-0 flex flex-col relative items-end\"><div><div class=\"pt-0\"><div class=\"gizmo-bot-avatar flex h-8 w-8 items-center justify-center overflow-hidden rounded-full\"><h5 class=\"relative p-1 rounded-sm flex items-center justify-center bg-token-main-surface-primary text-token-text-primary h-8 w-8\">Pommade Volumatrice Naturelle &#8211; Prise de Masse Fessier, Cuisses &amp; Hanches<\/h5><\/div><\/div><\/div><\/div><div class=\"group\/conversation-turn relative flex w-full min-w-0 flex-col agent-turn\"><div class=\"flex-col gap-1 md:gap-3\"><div class=\"flex max-w-full flex-col flex-grow\"><div class=\"min-h-8 text-message flex w-full flex-col items-end gap-2 whitespace-normal break-words [.text-message+&amp;]:mt-5\" dir=\"auto\" data-message-author-role=\"assistant\" data-message-id=\"6ced5f5f-92e0-449d-89d1-ff7d59e9df48\" data-message-model-slug=\"gpt-4o\"><div class=\"flex w-full flex-col gap-1 empty:hidden first:pt-[3px]\"><div class=\"markdown prose w-full break-words dark:prose-invert dark\"><p>Notre pommade volumatrice est sp\u00e9cialement formul\u00e9e \u00e0 base de fruits 100 % naturels, avec un concentr\u00e9 de banane, pour aider \u00e0 une prise de masse cibl\u00e9e au niveau des fessiers, des cuisses et des hanches. Gr\u00e2ce \u00e0 ses ingr\u00e9dients naturels et riches en nutriments, cette pommade nourrit et hydrate en profondeur, contribuant ainsi \u00e0 une apparence plus ferme et plus galb\u00e9e de votre silhouette.<\/p><p><strong>Bienfaits :<\/strong><\/p><ul><li>Favorise la prise de masse au niveau fessier, des cuisses et des hanches<\/li><li>Riche en nutriments naturels pour une peau douce et hydrat\u00e9e<\/li><li>Formule naturelle et concentr\u00e9e, sans ingr\u00e9dients artificiels<\/li><\/ul><p><strong>Mode d&#8217;emploi :<\/strong><\/p><p>Appliquez la pommade volumatrice matin et soir sur une peau propre, de pr\u00e9f\u00e9rence apr\u00e8s la douche ou le bain. Massez la pommade sur les zones cibl\u00e9es (fessiers, cuisses, hanches) avec des mouvements circulaires pour une absorption optimale.<\/p><p>Introduire une l\u00e9g\u00e8re quantit\u00e9 de pommade dans l&rsquo;anus pour une meilleure efficacit\u00e9 du produit.<\/p><p>Offrez-vous un soin 100 % naturel pour une silhouette galb\u00e9e et raffermie !<\/p><\/div><\/div><\/div><\/div><\/div><\/div>\t\t\t\t\t\t\t\t<\/div>\n\t\t\t\t<\/div>\n\t\t\t\t\t<\/div>\n\t\t\t\t<\/div>\n\t\t\t\t<\/div>\n\t\t","protected":false},"excerpt":{"rendered":"<p>Boostez le volume de vos fessiers, cuisses et hanches avec notre pommade volumatrice 100 % naturelle, riche en concentr\u00e9 de banane. Hydratation, fermet\u00e9, et galbe pour une silhouette sublim\u00e9e. \u00c0 appliquer matin et soir.<\/p>\n","protected":false},"featured_media":2195,"template":"","meta":[],"product_brand":[],"product_cat":[37],"product_tag":[],"class_list":{"0":"post-2189","1":"product","2":"type-product","3":"status-publish","4":"has-post-thumbnail","6":"product_cat-volume-et-silouhette","8":"first","9":"instock","10":"shipping-taxable","11":"purchasable","12":"product-type-simple"},"jetpack_sharing_enabled":true,"_links":{"self":[{"href":"https:\/\/nkgclinic.com\/index.php?rest_route=\/wp\/v2\/product\/2189","targetHints":{"allow":["GET"]}}],"collection":[{"href":"https:\/\/nkgclinic.com\/index.php?rest_route=\/wp\/v2\/product"}],"about":[{"href":"https:\/\/nkgclinic.com\/index.php?rest_route=\/wp\/v2\/types\/product"}],"version-history":[{"count":13,"href":"https:\/\/nkgclinic.com\/index.php?rest_route=\/wp\/v2\/product\/2189\/revisions"}],"predecessor-version":[{"id":2570,"href":"https:\/\/nkgclinic.com\/index.php?rest_route=\/wp\/v2\/product\/2189\/revisions\/2570"}],"wp:featuredmedia":[{"embeddable":true,"href":"https:\/\/nkgclinic.com\/index.php?rest_route=\/wp\/v2\/media\/2195"}],"wp:attachment":[{"href":"https:\/\/nkgclinic.com\/index.php?rest_route=%2Fwp%2Fv2%2Fmedia&parent=2189"}],"wp:term":[{"taxonomy":"product_brand","embeddable":true,"href":"https:\/\/nkgclinic.com\/index.php?rest_route=%2Fwp%2Fv2%2Fproduct_brand&post=2189"},{"taxonomy":"product_cat","embeddable":true,"href":"https:\/\/nkgclinic.com\/index.php?rest_route=%2Fwp%2Fv2%2Fproduct_cat&post=2189"},{"taxonomy":"product_tag","embeddable":true,"href":"https:\/\/nkgclinic.com\/index.php?rest_route=%2Fwp%2Fv2%2Fproduct_tag&post=2189"}],"curies":[{"name":"wp","href":"https:\/\/api.w.org\/{rel}","templated":true}]}}