{"id":2204,"date":"2024-11-09T01:49:00","date_gmt":"2024-11-09T01:49:00","guid":{"rendered":"https:\/\/nkgclinic.com\/?post_type=product&#038;p=2204"},"modified":"2025-12-07T22:59:54","modified_gmt":"2025-12-07T22:59:54","slug":"savon-noir-kitoko","status":"publish","type":"product","link":"https:\/\/nkgclinic.com\/?product=savon-noir-kitoko","title":{"rendered":"SAVON NOIR PEAU NETTE \u00ab\u00a0KITOKO\u00a0\u00bb"},"content":{"rendered":"\t\t<div data-elementor-type=\"wp-post\" data-elementor-id=\"2204\" class=\"elementor elementor-2204\">\n\t\t\t\t<div class=\"elementor-element elementor-element-f433bd9 e-flex e-con-boxed e-con e-parent\" data-id=\"f433bd9\" data-element_type=\"container\" data-e-type=\"container\">\n\t\t\t\t\t<div class=\"e-con-inner\">\n\t\t\t\t<div class=\"elementor-element elementor-element-618033d elementor-widget elementor-widget-text-editor\" data-id=\"618033d\" data-element_type=\"widget\" data-e-type=\"widget\" data-widget_type=\"text-editor.default\">\n\t\t\t\t<div class=\"elementor-widget-container\">\n\t\t\t\t\t\t\t\t\t<h4>Savon Noir Artisanal KITOKO &#8211; Origine Congo\u00a0<\/h4><p>Le <strong>savon KITOKO<\/strong>, fabriqu\u00e9 artisanalement au Congo Kinshasa, est un soin naturel non \u00e9claircissant, sp\u00e9cialement con\u00e7u pour traiter toutes formes d&rsquo;imperfections. Que vous ayez des boutons, de l\u2019acn\u00e9, des taches pigmentaires, ou un teint terne, ce savon aide \u00e0 retrouver une peau saine et sans imperfections.<\/p><p><strong>Bienfaits :<\/strong><\/p><ul><li>Combat les imperfections : acn\u00e9, boutons, taches pigmentaires<\/li><li>Non \u00e9claircissant, respecte le teint naturel<\/li><li>Laisse la peau douce, lisse, sans taches ni imperfections<\/li><\/ul><p><strong>Mode d\u2019emploi :<\/strong><\/p><p>Sur une peau propre, appliquez le savon KITOKO en couche fine et laissez poser 5 minutes sur le visage, puis rincez abondamment \u00e0 l\u2019eau claire.<\/p><p>Offrez \u00e0 votre peau les bienfaits d\u2019un savon naturel et artisanal pour un teint \u00e9clatant et sans d\u00e9fauts.<\/p>\t\t\t\t\t\t\t\t<\/div>\n\t\t\t\t<\/div>\n\t\t\t\t\t<\/div>\n\t\t\t\t<\/div>\n\t\t\t\t<\/div>\n\t\t","protected":false},"excerpt":{"rendered":"<p>Le savon noir artisanal KITOKO, fabriqu\u00e9 au Congo, combat les imperfections comme l\u2019acn\u00e9,<\/p>\n<p>les taches et le teint terne. Laisse la peau lisse, sans imperfections, et \u00e9clatante de sant\u00e9.<\/p>\n","protected":false},"featured_media":2212,"template":"","meta":[],"product_brand":[],"product_cat":[40],"product_tag":[],"class_list":{"0":"post-2204","1":"product","2":"type-product","3":"status-publish","4":"has-post-thumbnail","6":"product_cat-soins-visage","8":"first","9":"instock","10":"shipping-taxable","11":"purchasable","12":"product-type-simple"},"jetpack_sharing_enabled":true,"_links":{"self":[{"href":"https:\/\/nkgclinic.com\/index.php?rest_route=\/wp\/v2\/product\/2204","targetHints":{"allow":["GET"]}}],"collection":[{"href":"https:\/\/nkgclinic.com\/index.php?rest_route=\/wp\/v2\/product"}],"about":[{"href":"https:\/\/nkgclinic.com\/index.php?rest_route=\/wp\/v2\/types\/product"}],"version-history":[{"count":6,"href":"https:\/\/nkgclinic.com\/index.php?rest_route=\/wp\/v2\/product\/2204\/revisions"}],"predecessor-version":[{"id":2571,"href":"https:\/\/nkgclinic.com\/index.php?rest_route=\/wp\/v2\/product\/2204\/revisions\/2571"}],"wp:featuredmedia":[{"embeddable":true,"href":"https:\/\/nkgclinic.com\/index.php?rest_route=\/wp\/v2\/media\/2212"}],"wp:attachment":[{"href":"https:\/\/nkgclinic.com\/index.php?rest_route=%2Fwp%2Fv2%2Fmedia&parent=2204"}],"wp:term":[{"taxonomy":"product_brand","embeddable":true,"href":"https:\/\/nkgclinic.com\/index.php?rest_route=%2Fwp%2Fv2%2Fproduct_brand&post=2204"},{"taxonomy":"product_cat","embeddable":true,"href":"https:\/\/nkgclinic.com\/index.php?rest_route=%2Fwp%2Fv2%2Fproduct_cat&post=2204"},{"taxonomy":"product_tag","embeddable":true,"href":"https:\/\/nkgclinic.com\/index.php?rest_route=%2Fwp%2Fv2%2Fproduct_tag&post=2204"}],"curies":[{"name":"wp","href":"https:\/\/api.w.org\/{rel}","templated":true}]}}