{"id":2215,"date":"2024-11-09T01:59:11","date_gmt":"2024-11-09T01:59:11","guid":{"rendered":"https:\/\/nkgclinic.com\/?post_type=product&#038;p=2215"},"modified":"2025-12-07T22:59:42","modified_gmt":"2025-12-07T22:59:42","slug":"magic-poudre","status":"publish","type":"product","link":"https:\/\/nkgclinic.com\/?product=magic-poudre","title":{"rendered":"\u00ab\u00a0MAGIC POUDRE\u00a0\u00bb PERTE DE POIDS"},"content":{"rendered":"\t\t<div data-elementor-type=\"wp-post\" data-elementor-id=\"2215\" class=\"elementor elementor-2215\">\n\t\t\t\t<div class=\"elementor-element elementor-element-a3efe4e e-flex e-con-boxed e-con e-parent\" data-id=\"a3efe4e\" data-element_type=\"container\" data-e-type=\"container\">\n\t\t\t\t\t<div class=\"e-con-inner\">\n\t\t\t\t<div class=\"elementor-element elementor-element-69b5f99 elementor-widget elementor-widget-heading\" data-id=\"69b5f99\" data-element_type=\"widget\" data-e-type=\"widget\" data-widget_type=\"heading.default\">\n\t\t\t\t<div class=\"elementor-widget-container\">\n\t\t\t\t\t<h4 class=\"elementor-heading-title elementor-size-default\"><br>Magic Poudre Perte de Poids Intense - <br>M\u00e9lange de Plantes Africaines Naturelles<br><\/h4>\t\t\t\t<\/div>\n\t\t\t\t<\/div>\n\t\t\t\t<div class=\"elementor-element elementor-element-844f069 elementor-widget elementor-widget-text-editor\" data-id=\"844f069\" data-element_type=\"widget\" data-e-type=\"widget\" data-widget_type=\"text-editor.default\">\n\t\t\t\t<div class=\"elementor-widget-container\">\n\t\t\t\t\t\t\t\t\t<p><img fetchpriority=\"high\" decoding=\"async\" class=\"alignnone size-full wp-image-2233\" src=\"https:\/\/nkgclinic.com\/wp-content\/uploads\/2024\/11\/4958f725-9cd0-404d-8b8c-f40d2e0c6985.gif\" alt=\"\" width=\"253\" height=\"450\" \/><\/p>\t\t\t\t\t\t\t\t<\/div>\n\t\t\t\t<\/div>\n\t\t\t\t<div class=\"elementor-element elementor-element-25b33e9 elementor-widget__width-initial elementor-widget elementor-widget-text-editor\" data-id=\"25b33e9\" data-element_type=\"widget\" data-e-type=\"widget\" data-widget_type=\"text-editor.default\">\n\t\t\t\t<div class=\"elementor-widget-container\">\n\t\t\t\t\t\t\t\t\t<p>\u00a0<\/p><p><strong>Magic Poudre Perte de Poids Intense<\/strong> est un m\u00e9lange de plantes africaines cultiv\u00e9es au Congo RDC, transform\u00e9es en poudre pour vous aider \u00e0 perdre du poids de mani\u00e8re naturelle et efficace. 100 % bio, ce produit favorise une perte de poids simple, saine et rapide, tout en vous offrant des r\u00e9sultats durables.<\/p><p><strong>Bienfaits :<\/strong><\/p><ul><li>Perte de poids globale et ventre plat<\/li><li>100 % bio, avec des plantes naturelles du Congo<\/li><li>Aide \u00e0 contr\u00f4ler l\u2019app\u00e9tit et \u00e0 r\u00e9duire les ballonnements<\/li><\/ul><p><strong>Mode d&#8217;emploi :<\/strong><\/p><p>Ajoutez une demi-cuill\u00e8re de poudre dans une tasse d\u2019eau chaude, \u00e0 consommer le matin et le soir.<\/p><p><strong>Conseils pour r\u00e9ussir votre cure :<\/strong><\/p><ul><li>Ne mangez pas apr\u00e8s 20h<\/li><li>\u00c9vitez les grignotages entre les repas<\/li><li>Limitez la consommation de fast-food et de boissons gazeuses<\/li><li>Ne sucrez pas votre th\u00e9<\/li><li>Associez la cure \u00e0 une activit\u00e9 physique r\u00e9guli\u00e8re<\/li><li>Buvez beaucoup d&rsquo;eau<\/li><li>Le port de gaine est \u00e9galement possible pendant la cure<\/li><\/ul><p><strong>Conservation :<\/strong><\/p><p>Conservez dans un endroit sec, \u00e0 l\u2019abri de la lumi\u00e8re.<\/p><p><strong>R\u00e9sultats attendus :<\/strong><\/p><ul><li>Perte de poids naturelle et efficace<\/li><li>Ventre plat et silhouette affin\u00e9e<\/li><li>Am\u00e9lioration du bien-\u00eatre g\u00e9n\u00e9ral<\/li><\/ul><p>Red\u00e9couvrez votre silhouette avec <strong>Magic Poudre Perte de Poids Intense<\/strong> et faites confiance \u00e0 la puissance des plantes africaines pour atteindre vos objectifs de mani\u00e8re saine et naturelle.<\/p>\t\t\t\t\t\t\t\t<\/div>\n\t\t\t\t<\/div>\n\t\t\t\t\t<\/div>\n\t\t\t\t<\/div>\n\t\t\t\t<\/div>\n\t\t","protected":false},"excerpt":{"rendered":"<p>Magic Poudre Perte de Poids Intense, un m\u00e9lange de plantes africaines 100 % bio, aide \u00e0 perdre du poids efficacement.<\/p>\n<p>Pour un ventre plat et une silhouette affin\u00e9e, consommer matin et soir.<\/p>\n","protected":false},"featured_media":2219,"template":"","meta":[],"product_brand":[],"product_cat":[37],"product_tag":[],"class_list":{"0":"post-2215","1":"product","2":"type-product","3":"status-publish","4":"has-post-thumbnail","6":"product_cat-volume-et-silouhette","8":"first","9":"instock","10":"shipping-taxable","11":"purchasable","12":"product-type-simple"},"jetpack_sharing_enabled":true,"_links":{"self":[{"href":"https:\/\/nkgclinic.com\/index.php?rest_route=\/wp\/v2\/product\/2215","targetHints":{"allow":["GET"]}}],"collection":[{"href":"https:\/\/nkgclinic.com\/index.php?rest_route=\/wp\/v2\/product"}],"about":[{"href":"https:\/\/nkgclinic.com\/index.php?rest_route=\/wp\/v2\/types\/product"}],"version-history":[{"count":23,"href":"https:\/\/nkgclinic.com\/index.php?rest_route=\/wp\/v2\/product\/2215\/revisions"}],"predecessor-version":[{"id":2572,"href":"https:\/\/nkgclinic.com\/index.php?rest_route=\/wp\/v2\/product\/2215\/revisions\/2572"}],"wp:featuredmedia":[{"embeddable":true,"href":"https:\/\/nkgclinic.com\/index.php?rest_route=\/wp\/v2\/media\/2219"}],"wp:attachment":[{"href":"https:\/\/nkgclinic.com\/index.php?rest_route=%2Fwp%2Fv2%2Fmedia&parent=2215"}],"wp:term":[{"taxonomy":"product_brand","embeddable":true,"href":"https:\/\/nkgclinic.com\/index.php?rest_route=%2Fwp%2Fv2%2Fproduct_brand&post=2215"},{"taxonomy":"product_cat","embeddable":true,"href":"https:\/\/nkgclinic.com\/index.php?rest_route=%2Fwp%2Fv2%2Fproduct_cat&post=2215"},{"taxonomy":"product_tag","embeddable":true,"href":"https:\/\/nkgclinic.com\/index.php?rest_route=%2Fwp%2Fv2%2Fproduct_tag&post=2215"}],"curies":[{"name":"wp","href":"https:\/\/api.w.org\/{rel}","templated":true}]}}