{"id":2269,"date":"2025-01-12T01:36:31","date_gmt":"2025-01-12T01:36:31","guid":{"rendered":"https:\/\/nkgclinic.com\/?post_type=product&#038;p=2269"},"modified":"2026-03-24T17:53:51","modified_gmt":"2026-03-24T17:53:51","slug":"pierre-ponce","status":"publish","type":"product","link":"https:\/\/nkgclinic.com\/?product=pierre-ponce","title":{"rendered":"\u00ab\u00a0Epiderm\u00a0\u00bb Cr\u00e8me"},"content":{"rendered":"<p><strong>La Solution Compl\u00e8te pour Votre Peau et Cuir Chevelu<\/strong><\/p>\n<p>La cr\u00e8me \u00c9piderm est un soin dermique puissant, con\u00e7u pour traiter de mani\u00e8re rapide et efficace divers probl\u00e8mes de peau et de cuir chevelu. Gr\u00e2ce \u00e0 sa formulation innovante, cette cr\u00e8me agit en profondeur pour traiter des conditions comme l\u2019acn\u00e9, l\u2019ecz\u00e9ma, le psoriasis, les d\u00e9mangeaisons, les boutons du cuir chevelu et bien plus encore.<\/p>\n<h3><strong>Bienfaits :<\/strong><\/h3>\n<ul>\n<li><strong>Acn\u00e9<\/strong> : Traite les boutons et imperfections du visage.<\/li>\n<li><strong>Ecz\u00e9ma et psoriasis<\/strong> : Apporte un soulagement rapide et durable.<\/li>\n<li><strong>D\u00e9mangeaisons<\/strong> : Apaise les sensations de tiraillement et d\u2019irritation.<\/li>\n<li><strong>Boutons du cuir chevelu<\/strong> : Combat les boutons sur le cuir chevelu et la nuque.<\/li>\n<li><strong>Poils incarn\u00e9s et boutons de rasage<\/strong> : Pr\u00e9vient et traite les boutons caus\u00e9s par le rasage, y compris sur la barbe et la nuque.<\/li>\n<li><strong>Taches noires et dartres<\/strong> : Att\u00e9nue les taches pigmentaires et aide \u00e0 traiter les dartres.<\/li>\n<li><strong>Teigne et infections fongiques<\/strong> : Ses propri\u00e9t\u00e9s antifongiques aident \u00e0 traiter la teigne.<\/li>\n<\/ul>\n<h3><strong>Propri\u00e9t\u00e9s :<\/strong><\/h3>\n<ul>\n<li><strong>Anti-inflammatoire<\/strong> : R\u00e9duit l&rsquo;inflammation et apaise la peau irrit\u00e9e.<\/li>\n<li><strong>Cicatrisant<\/strong> : Favorise la r\u00e9paration rapide de la peau et du cuir chevelu.<\/li>\n<li><strong>Antifongique<\/strong> : Traite les infections fongiques de la peau et du cuir chevelu.<\/li>\n<\/ul>\n<h3><strong>Mode d\u2019utilisation :<\/strong><\/h3>\n<p>Appliquez une petite quantit\u00e9 de cr\u00e8me sur la zone concern\u00e9e (peau ou cuir chevelu) apr\u00e8s nettoyage, en massant d\u00e9licatement. Pour un r\u00e9sultat optimal, appliquez la cr\u00e8me le soir avant de vous coucher. Utilisez r\u00e9guli\u00e8rement pour des r\u00e9sultats rapides et durables.<\/p>\n<p>&nbsp;<\/p>\n<h3><strong>La cr\u00e8me miracle pour une peau et un cuir chevelu sains !<\/strong><\/h3>\n<p>\u00c9piderm Cr\u00e8me est la solution id\u00e9ale pour r\u00e9\u00e9quilibrer votre peau et votre cuir chevelu. Ses effets anti-inflammatoires et cicatrisants en font un traitement incontournable pour un soin complet et efficace.<\/p>\n<p><strong>Offrez \u00e0 votre peau et \u00e0 votre cuir chevelu les bienfaits d\u2019\u00c9piderm Cr\u00e8me.<\/strong><\/p>\n","protected":false},"excerpt":{"rendered":"<p>La Solution Compl\u00e8te pour Votre Peau et Cuir Chevelu La cr\u00e8me \u00c9piderm est un soin dermique puissant, con\u00e7u pour traiter de mani\u00e8re rapide et efficace divers probl\u00e8mes de peau et de cuir chevelu. Gr\u00e2ce \u00e0 sa formulation innovante, cette cr\u00e8me agit en profondeur pour traiter des conditions comme l\u2019acn\u00e9, l\u2019ecz\u00e9ma, le psoriasis, les d\u00e9mangeaisons, les [&hellip;]<\/p>\n","protected":false},"featured_media":2780,"template":"","meta":[],"product_brand":[],"product_cat":[39,40],"product_tag":[],"class_list":{"0":"post-2269","1":"product","2":"type-product","3":"status-publish","4":"has-post-thumbnail","6":"product_cat-soins-capillaires","7":"product_cat-soins-visage","9":"first","10":"instock","11":"shipping-taxable","12":"purchasable","13":"product-type-simple"},"jetpack_sharing_enabled":true,"_links":{"self":[{"href":"https:\/\/nkgclinic.com\/index.php?rest_route=\/wp\/v2\/product\/2269","targetHints":{"allow":["GET"]}}],"collection":[{"href":"https:\/\/nkgclinic.com\/index.php?rest_route=\/wp\/v2\/product"}],"about":[{"href":"https:\/\/nkgclinic.com\/index.php?rest_route=\/wp\/v2\/types\/product"}],"version-history":[{"count":4,"href":"https:\/\/nkgclinic.com\/index.php?rest_route=\/wp\/v2\/product\/2269\/revisions"}],"predecessor-version":[{"id":2782,"href":"https:\/\/nkgclinic.com\/index.php?rest_route=\/wp\/v2\/product\/2269\/revisions\/2782"}],"wp:featuredmedia":[{"embeddable":true,"href":"https:\/\/nkgclinic.com\/index.php?rest_route=\/wp\/v2\/media\/2780"}],"wp:attachment":[{"href":"https:\/\/nkgclinic.com\/index.php?rest_route=%2Fwp%2Fv2%2Fmedia&parent=2269"}],"wp:term":[{"taxonomy":"product_brand","embeddable":true,"href":"https:\/\/nkgclinic.com\/index.php?rest_route=%2Fwp%2Fv2%2Fproduct_brand&post=2269"},{"taxonomy":"product_cat","embeddable":true,"href":"https:\/\/nkgclinic.com\/index.php?rest_route=%2Fwp%2Fv2%2Fproduct_cat&post=2269"},{"taxonomy":"product_tag","embeddable":true,"href":"https:\/\/nkgclinic.com\/index.php?rest_route=%2Fwp%2Fv2%2Fproduct_tag&post=2269"}],"curies":[{"name":"wp","href":"https:\/\/api.w.org\/{rel}","templated":true}]}}