{"id":2476,"date":"2025-03-06T19:06:58","date_gmt":"2025-03-06T19:06:58","guid":{"rendered":"https:\/\/nkgclinic.com\/?post_type=product&#038;p=2476"},"modified":"2025-12-10T19:41:09","modified_gmt":"2025-12-10T19:41:09","slug":"bayas","status":"publish","type":"product","link":"https:\/\/nkgclinic.com\/?product=bayas","title":{"rendered":"\u00ab\u00a0Bayas\u00a0\u00bb Collier de taille africain"},"content":{"rendered":"<h3 data-start=\"0\" data-end=\"50\"><strong data-start=\"4\" data-end=\"48\">Les Bayas : Perles de Hanches Africaines<\/strong><\/h3>\n<p data-start=\"52\" data-end=\"246\">Les <strong data-start=\"56\" data-end=\"65\">Bayas<\/strong> sont des perles traditionnelles port\u00e9es autour des hanches par les femmes africaines. Elles symbolisent la f\u00e9minit\u00e9, la beaut\u00e9, la fertilit\u00e9 et parfois la protection spirituelle.<\/p>\n<p data-start=\"248\" data-end=\"437\">Fabriqu\u00e9es en verre, cristal ou graines, elles existent en diverses couleurs, chacune ayant une signification (blanc pour la puret\u00e9, rouge pour la passion, bleu pour la protection, etc.).<\/p>\n<p data-start=\"439\" data-end=\"577\" data-is-last-node=\"\" data-is-only-node=\"\">Port\u00e9es discr\u00e8tement ou mises en valeur, elles sont \u00e0 la fois un bijou intime et un symbole culturel fort, alliant tradition et modernit\u00e9.<\/p>\n","protected":false},"excerpt":{"rendered":"<p>Les Bayas : Perles de Hanches Africaines Les Bayas sont des perles traditionnelles port\u00e9es autour des hanches par les femmes africaines. Elles symbolisent la f\u00e9minit\u00e9, la beaut\u00e9, la fertilit\u00e9 et parfois la protection spirituelle. Fabriqu\u00e9es en verre, cristal ou graines, elles existent en diverses couleurs, chacune ayant une signification (blanc pour la puret\u00e9, rouge pour [&hellip;]<\/p>\n","protected":false},"featured_media":2477,"template":"","meta":[],"product_brand":[],"product_cat":[37],"product_tag":[],"class_list":{"0":"post-2476","1":"product","2":"type-product","3":"status-publish","4":"has-post-thumbnail","6":"product_cat-volume-et-silouhette","8":"first","9":"instock","10":"sale","11":"shipping-taxable","12":"purchasable","13":"product-type-variable"},"jetpack_sharing_enabled":true,"_links":{"self":[{"href":"https:\/\/nkgclinic.com\/index.php?rest_route=\/wp\/v2\/product\/2476","targetHints":{"allow":["GET"]}}],"collection":[{"href":"https:\/\/nkgclinic.com\/index.php?rest_route=\/wp\/v2\/product"}],"about":[{"href":"https:\/\/nkgclinic.com\/index.php?rest_route=\/wp\/v2\/types\/product"}],"version-history":[{"count":4,"href":"https:\/\/nkgclinic.com\/index.php?rest_route=\/wp\/v2\/product\/2476\/revisions"}],"predecessor-version":[{"id":2485,"href":"https:\/\/nkgclinic.com\/index.php?rest_route=\/wp\/v2\/product\/2476\/revisions\/2485"}],"wp:featuredmedia":[{"embeddable":true,"href":"https:\/\/nkgclinic.com\/index.php?rest_route=\/wp\/v2\/media\/2477"}],"wp:attachment":[{"href":"https:\/\/nkgclinic.com\/index.php?rest_route=%2Fwp%2Fv2%2Fmedia&parent=2476"}],"wp:term":[{"taxonomy":"product_brand","embeddable":true,"href":"https:\/\/nkgclinic.com\/index.php?rest_route=%2Fwp%2Fv2%2Fproduct_brand&post=2476"},{"taxonomy":"product_cat","embeddable":true,"href":"https:\/\/nkgclinic.com\/index.php?rest_route=%2Fwp%2Fv2%2Fproduct_cat&post=2476"},{"taxonomy":"product_tag","embeddable":true,"href":"https:\/\/nkgclinic.com\/index.php?rest_route=%2Fwp%2Fv2%2Fproduct_tag&post=2476"}],"curies":[{"name":"wp","href":"https:\/\/api.w.org\/{rel}","templated":true}]}}