{"id":596,"date":"2021-04-14T11:49:26","date_gmt":"2021-04-14T11:49:26","guid":{"rendered":"https:\/\/startersites.io\/blocksy\/homi\/?post_type=product&#038;p=596"},"modified":"2026-02-22T22:54:26","modified_gmt":"2026-02-22T22:54:26","slug":"coffee-table","status":"publish","type":"product","link":"https:\/\/nkgclinic.com\/?product=coffee-table","title":{"rendered":"KHAMARE &#8211; RACINE DE V\u00c9TIVER (PACK DE 20)"},"content":{"rendered":"<h3>\ud83c\udf3f Les Racines de Khamar\u00e9 \u2013 Votre alli\u00e9 pour le bien-\u00eatre f\u00e9minin \ud83c\udf3f<\/h3>\n<p>Les racines de Khamar\u00e9 sont pris\u00e9es en Afrique de l&rsquo;Ouest pour leurs nombreuses vertus et leur soutien naturel \u00e0 l\u2019hygi\u00e8ne intime. Recherch\u00e9es particuli\u00e8rement par les femmes, elles constituent un soin naturel et puissant pour le corps.<\/p>\n<p>&nbsp;<\/p>\n<p>\u2728 <strong>Propri\u00e9t\u00e9s du Khamar\u00e9<\/strong><\/p>\n<p>\u2022 Purification du bas ventre et \u00e9limination des impuret\u00e9s abdominales<br \/>\n\u2022 Lubrifiant naturel<br \/>\n\u2022 Effet tonifiant et resserrant pour le vagin<br \/>\n\u2022 Att\u00e9nuation des douleurs menstruelles<br \/>\n\u2022 Stimulation de la libido<br \/>\n\u2022 Am\u00e9lioration de la beaut\u00e9 de la peau<br \/>\n\u2022 Maintien d&rsquo;une odeur corporelle agr\u00e9able<br \/>\n\u2022 Soulagement des pertes blanches et des odeurs ind\u00e9sirables<br \/>\n\u2022 Pr\u00e9vention des infections urinaires et vaginales<br \/>\n\u2022 Hydratation et pr\u00e9vention de la s\u00e9cheresse vaginale<\/p>\n<p>&nbsp;<\/p>\n<p><strong>Utilisation<\/strong><\/p>\n<p>La tige de Khamar\u00e9 conserve ses bienfaits, peu importe la m\u00e9thode d\u2019infusion choisie.<\/p>\n<p>&#8211; Infusion froide : Rincer la tige, la faire bouillir et ensuite laisser la d\u00e9coction ti\u00e9dir. Consommez cette infusion tout au long de la journ\u00e9e.<\/p>\n<p>&#8211; Infusion chaude : Faites bouillir une tige dans de l\u2019eau pour en faire une tisane.<\/p>\n<p>&#8211; En cas d\u2019an\u00e9mie chronique, il est recommand\u00e9 de respecter un dosage mod\u00e9r\u00e9 entre <strong>1\/4 ou 1\/2 tige de Khamar\u00e9<\/strong> dans 1,5 litres d\u2019eau.<\/p>\n<p>Astuce : Les tiges de Khamar\u00e9 peuvent \u00eatre r\u00e9utilis\u00e9es jusqu&rsquo;\u00e0 4 fois. Changez simplement l&rsquo;eau apr\u00e8s chaque utilisation quotidienne.<\/p>\n<p>&nbsp;<\/p>\n<p><strong>Risques li\u00e9s \u00e0 la consommation :<\/strong><br \/>\n\u2022 Risque de r\u00e9actions allergiques chez certaines personnes.<br \/>\n\u2022 Troubles digestifs, tels que naus\u00e9es ou ballonnements en cas de consommation excessive.<br \/>\n\u2022 Potentiel d&rsquo;effets diur\u00e9tiques pouvant entra\u00eener une d\u00e9shydratation.<br \/>\n\u2022 Interf\u00e9rences possibles avec l&rsquo;absorption du fer, particuli\u00e8rement pour les personnes an\u00e9miques.<br \/>\n\u2022 Un surdosage peut causer des vertiges, de l&rsquo;essoufflement, de la fatigue ou des maux de t\u00eate.<br \/>\n\u2022 D\u00e9conseill\u00e9e aux femmes enceintes ou allaitantes.<\/p>\n<p>TOUJOURS RINCER LA TIGE DE KHAMARE ET ENSUITE LA FAIRE BOUILLIR POUR UNE CONSOMMATION A CHAUD OU A FROID<\/p>\n<p>&nbsp;<\/p>\n<p>Format disponible : PACK 20 TIGES<\/p>\n<p>&nbsp;<\/p>\n","protected":false},"excerpt":{"rendered":"[video width=\"576\" height=\"1024\" mp4=\"https:\/\/nkgclinic.com\/wp-content\/uploads\/2021\/04\/Snaptik.app_7125115990806924550.mp4\"][\/video]\n<p>D\u00e9couvrez les racines de Khamar\u00e9, reconnues en Afrique de l&rsquo;Ouest pour leurs vertus exceptionnelles. Elles sont id\u00e9ales pour le soin intime des femmes.<\/p>\n","protected":false},"featured_media":2756,"template":"","meta":[],"product_brand":[],"product_cat":[38],"product_tag":[],"class_list":{"0":"post-596","1":"product","2":"type-product","3":"status-publish","4":"has-post-thumbnail","6":"product_cat-plantes-therapeutiques","8":"first","9":"instock","10":"shipping-taxable","11":"purchasable","12":"product-type-simple"},"jetpack_sharing_enabled":true,"_links":{"self":[{"href":"https:\/\/nkgclinic.com\/index.php?rest_route=\/wp\/v2\/product\/596","targetHints":{"allow":["GET"]}}],"collection":[{"href":"https:\/\/nkgclinic.com\/index.php?rest_route=\/wp\/v2\/product"}],"about":[{"href":"https:\/\/nkgclinic.com\/index.php?rest_route=\/wp\/v2\/types\/product"}],"version-history":[{"count":8,"href":"https:\/\/nkgclinic.com\/index.php?rest_route=\/wp\/v2\/product\/596\/revisions"}],"predecessor-version":[{"id":2773,"href":"https:\/\/nkgclinic.com\/index.php?rest_route=\/wp\/v2\/product\/596\/revisions\/2773"}],"wp:featuredmedia":[{"embeddable":true,"href":"https:\/\/nkgclinic.com\/index.php?rest_route=\/wp\/v2\/media\/2756"}],"wp:attachment":[{"href":"https:\/\/nkgclinic.com\/index.php?rest_route=%2Fwp%2Fv2%2Fmedia&parent=596"}],"wp:term":[{"taxonomy":"product_brand","embeddable":true,"href":"https:\/\/nkgclinic.com\/index.php?rest_route=%2Fwp%2Fv2%2Fproduct_brand&post=596"},{"taxonomy":"product_cat","embeddable":true,"href":"https:\/\/nkgclinic.com\/index.php?rest_route=%2Fwp%2Fv2%2Fproduct_cat&post=596"},{"taxonomy":"product_tag","embeddable":true,"href":"https:\/\/nkgclinic.com\/index.php?rest_route=%2Fwp%2Fv2%2Fproduct_tag&post=596"}],"curies":[{"name":"wp","href":"https:\/\/api.w.org\/{rel}","templated":true}]}}